{"id":1040,"date":"2021-04-21T17:18:39","date_gmt":"2021-04-21T16:18:39","guid":{"rendered":"https:\/\/diogoalvim.com\/?page_id=1040"},"modified":"2023-06-29T09:56:36","modified_gmt":"2023-06-29T08:56:36","slug":"educational","status":"publish","type":"page","link":"https:\/\/diogoalvim.com\/pt\/educational\/","title":{"rendered":"Educativo"},"content":{"rendered":"<ul>\n<li><a href=\"https:\/\/open.spotify.com\/show\/1VRy84nFAQmvveYT9A7qn1?si=ffbb20e864424e74\" target=\"_blank\" rel=\"noopener\">Ensaios Sonoros para Podcast<\/a> &#8211; trabalhos dos alunos de Artes Sonoras ESAD.CR IPL 2022\/23<\/li>\n<\/ul>\n<p>&nbsp;<\/p>\n<ul>\n<li>&#8220;Trabalho de Mesa&#8221; na <a href=\"https:\/\/www.osso.pt\/formacao\/escola-dos-labirintos\/escola-dos-labirintos-2\/\" target=\"_blank\" rel=\"noopener\">Escola dos Labirintos<\/a>, no FOLIO, \u00d3bidos, 15-16 OUT 2021<\/li>\n<\/ul>\n<p>&nbsp;<\/p>\n<ul>\n<li>&#8220;Trabalho de Mesa&#8221; na <a href=\"https:\/\/www.osso.pt\/formacao\/escola-dos-labirintos\/escola-dos-labirintos-1\/\" target=\"_blank\" rel=\"noopener\">Escola dos Labirintos<\/a>, OSSO, 14-24 JUL 2021<\/li>\n<\/ul>\n<p>&nbsp;<\/p>\n<ul>\n<li>Ensaios Sonoros para R\u00e1dio &#8211; trabalhos dos alunos de Introdu\u00e7\u00e3o \u00e0s Artes Visuais e Sonoras da ESAD.CR IPL para a <a href=\"https:\/\/www.osso.pt\/programacao-3\/eira\/eira-4\/\" target=\"_blank\" rel=\"noopener\">EIRA#4 da OSSO Colectivo<\/a>.\u00a0JUN 2021.<\/li>\n<\/ul>\n<p>&nbsp;<\/p>\n<ul>\n<li>Ensaios Sonoros para R\u00e1dio &#8211; trabalhos dos alunos de Artes Sonoras da ESAD.CR IPL para a <a href=\"https:\/\/www.osso.pt\/programacao-3\/eira\/eira-3\/\" target=\"_blank\" rel=\"noopener\">EIRA#3 da OSSO Colectivo.<\/a>\u00a0DEZ 2020.<\/li>\n<\/ul>\n<p>&nbsp;<\/p>\n<ul>\n<li>EME &#8211; ESART Ensemble de M\u00fasica Electr\u00f3nica &#8211; <em>Contacto. <\/em>Serralves, JUN 2019.<\/li>\n<\/ul>\n<p>&nbsp;<\/p>\n<p><iframe loading=\"lazy\" title=\"EME Serralves 2019\" width=\"500\" height=\"281\" src=\"https:\/\/www.youtube.com\/embed\/-ErBMOMNywQ?feature=oembed\" frameborder=\"0\" allow=\"accelerometer; autoplay; clipboard-write; encrypted-media; gyroscope; picture-in-picture; web-share\" allowfullscreen><\/iframe><\/p>\n<ul>\n<li>Oficina de Experimenta\u00e7\u00e3o Musical, ESART Castelo Branco, JAN 2020.<\/li>\n<\/ul>\n<p>&nbsp;<\/p>\n<p><iframe loading=\"lazy\" title=\"Concerto final de Semestre - OEM - ESART 2020\" width=\"500\" height=\"281\" src=\"https:\/\/www.youtube.com\/embed\/Raojk6PXh4k?feature=oembed\" frameborder=\"0\" allow=\"accelerometer; autoplay; clipboard-write; encrypted-media; gyroscope; picture-in-picture; web-share\" allowfullscreen><\/iframe><\/p>\n<ul>\n<li>Oficina de Experimenta\u00e7\u00e3o Musical, ESART Castelo Branco, JUN 2019.<\/li>\n<\/ul>\n<p>&nbsp;<\/p>\n<p><iframe loading=\"lazy\" title=\"Concerto OEM Junho2019\" width=\"500\" height=\"281\" src=\"https:\/\/www.youtube.com\/embed\/bCukFSEEYd0?feature=oembed\" frameborder=\"0\" allow=\"accelerometer; autoplay; clipboard-write; encrypted-media; gyroscope; picture-in-picture; web-share\" allowfullscreen><\/iframe><\/p>\n<ul>\n<li><strong><a href=\"https:\/\/bocabienal.org\/evento\/sente-me-ouve-me-ve-me-2\/\" target=\"_blank\" rel=\"noopener\">\u201cSente-me, Ouve-me, V\u00ea-me\u201d<\/a> &#8211;\u00a0<\/strong>Projeto de forma\u00e7\u00e3o e cria\u00e7\u00e3o musical, em homenagem a Helena Almeida,\u00a0BoCA \u2013 Biennial of Contemporary Arts, 2019.<\/li>\n<\/ul>\n<p>&nbsp;<\/p>\n<p><iframe loading=\"lazy\" title=\"Hodiernus Ensemble - &quot;SENTE-ME, OUVE-ME, V\u00ca-ME&quot; [BoCA]\" width=\"500\" height=\"281\" src=\"https:\/\/www.youtube.com\/embed\/3LCnnsf1-ZU?feature=oembed\" frameborder=\"0\" allow=\"accelerometer; autoplay; clipboard-write; encrypted-media; gyroscope; picture-in-picture; web-share\" allowfullscreen><\/iframe><\/p>\n<ul>\n<li>EME &#8211; ESART Ensemble de M\u00fasica Electr\u00f3nica &#8211; <em>Mat\u00e9ria Prima. <\/em>Serralves, JUN 2018.<\/li>\n<\/ul>\n<p>&nbsp;<\/p>\n<p><iframe loading=\"lazy\" title=\"&quot;MAT\u00c9RIA PRIMA&quot; @ Serralves 2018\" width=\"500\" height=\"281\" src=\"https:\/\/www.youtube.com\/embed\/MaAkUCJhxTM?feature=oembed\" frameborder=\"0\" allow=\"accelerometer; autoplay; clipboard-write; encrypted-media; gyroscope; picture-in-picture; web-share\" allowfullscreen><\/iframe><\/p>\n<ul>\n<li>EME &#8211; ESART Ensemble de M\u00fasica Electr\u00f3nica &#8211; <em>Mat\u00e9ria Prima. <\/em>Festival Musica Viva, Miso Music, MAI 2018.<\/li>\n<\/ul>\n<p>&nbsp;<\/p>\n<p><iframe loading=\"lazy\" title=\"Ensemble de M\u00fasica Electr\u00f3nica da ESART at O&#039;culto da  Ajuda FESTIVAL M\u00daSICA VIVA 2018\" width=\"500\" height=\"281\" src=\"https:\/\/www.youtube.com\/embed\/QGxZrO-8wyg?feature=oembed\" frameborder=\"0\" allow=\"accelerometer; autoplay; clipboard-write; encrypted-media; gyroscope; picture-in-picture; web-share\" allowfullscreen><\/iframe><\/p>\n<ul>\n<li>Workshop \u00a0<strong><a href=\"https:\/\/bocabienal.org\/evento\/workshop-quem-es-quando-achas-que-ninguem-esta-a-ver\/\" target=\"_blank\" rel=\"noopener\">&#8220;Quem \u00e9s quando achas que ningu\u00e9m est\u00e1 a ver&#8221;<\/a> <\/strong>com Catarina Botelho,\u00a0BoCA \u2013 Biennial of Contemporary Arts, 2017.<\/li>\n<\/ul>\n<p>&nbsp;<\/p>\n<ul>\n<li>Workshop sobre <strong>&#8220;Trabalho de Mesa&#8221;<\/strong> &#8211; Laborat\u00f3rio de M\u00fasica Mista da ESML, com Jos\u00e9 Lu\u00eds Ferreira e Carlos Caires, e concerto no <a href=\"https:\/\/www.misomusic.com\/index.php?option=com_icagenda&amp;view=list&amp;layout=event&amp;id=378&amp;Itemid=264&amp;lang=pt\" target=\"_blank\" rel=\"noopener\">Festival Musica Viva 2017<\/a><\/li>\n<\/ul>\n<p><img decoding=\"async\" loading=\"lazy\" class=\"aligncenter size-large wp-image-1064\" src=\"https:\/\/diogoalvim.com\/wp-content\/uploads\/2021\/06\/lmm_esml_2017-1024x573.jpg\" alt=\"\" width=\"1024\" height=\"573\" srcset=\"https:\/\/diogoalvim.com\/wp-content\/uploads\/2021\/06\/lmm_esml_2017-1024x573.jpg 1024w, https:\/\/diogoalvim.com\/wp-content\/uploads\/2021\/06\/lmm_esml_2017-300x168.jpg 300w, https:\/\/diogoalvim.com\/wp-content\/uploads\/2021\/06\/lmm_esml_2017-768x430.jpg 768w, https:\/\/diogoalvim.com\/wp-content\/uploads\/2021\/06\/lmm_esml_2017.jpg 1077w\" sizes=\"(max-width: 1024px) 100vw, 1024px\" \/><\/p>\n<p><iframe loading=\"lazy\" title=\"Festival M\u00fasica Viva 2017: Laborat\u00f3rio de M\u00fasica Mista da ESML at O&#039;culto da Ajuda\" width=\"500\" height=\"281\" src=\"https:\/\/www.youtube.com\/embed\/k23UzBwxXxM?start=1500&#038;feature=oembed\" frameborder=\"0\" allow=\"accelerometer; autoplay; clipboard-write; encrypted-media; gyroscope; picture-in-picture; web-share\" allowfullscreen><\/iframe><\/p>","protected":false},"excerpt":{"rendered":"<p>Ensaios Sonoros para Podcast &#8211; trabalhos dos alunos de Artes Sonoras ESAD.CR IPL 2022\/23 &nbsp; &#8220;Trabalho de Mesa&#8221; na Escola dos Labirintos, no FOLIO, \u00d3bidos, 15-16 OUT 2021 &nbsp; &#8220;Trabalho de Mesa&#8221; na Escola dos Labirintos, OSSO, 14-24 JUL 2021 &nbsp; Ensaios Sonoros para R\u00e1dio &#8211; trabalhos dos alunos de Introdu\u00e7\u00e3o \u00e0s Artes Visuais e [&hellip;]<\/p>","protected":false},"author":1,"featured_media":0,"parent":0,"menu_order":0,"comment_status":"closed","ping_status":"closed","template":"","meta":{"om_disable_all_campaigns":false,"_mi_skip_tracking":false,"_monsterinsights_sitenote_active":false,"_monsterinsights_sitenote_note":"","_monsterinsights_sitenote_category":0},"acf":[],"aioseo_notices":[],"yoast_head":"<!-- This site is optimized with the Yoast SEO plugin v20.12 - https:\/\/yoast.com\/wordpress\/plugins\/seo\/ -->\n<title>Educational | Diogo Alvim<\/title>\n<meta name=\"robots\" content=\"index, follow, max-snippet:-1, max-image-preview:large, max-video-preview:-1\" \/>\n<link rel=\"canonical\" href=\"https:\/\/diogoalvim.com\/pt\/educational\/\" \/>\n<meta property=\"og:locale\" content=\"pt_PT\" \/>\n<meta property=\"og:type\" content=\"article\" \/>\n<meta property=\"og:title\" content=\"Educational | Diogo Alvim\" \/>\n<meta property=\"og:description\" content=\"Ensaios Sonoros para Podcast &#8211; trabalhos dos alunos de Artes Sonoras ESAD.CR IPL 2022\/23 &nbsp; &#8220;Trabalho de Mesa&#8221; na Escola dos Labirintos, no FOLIO, \u00d3bidos, 15-16 OUT 2021 &nbsp; &#8220;Trabalho de Mesa&#8221; na Escola dos Labirintos, OSSO, 14-24 JUL 2021 &nbsp; Ensaios Sonoros para R\u00e1dio &#8211; trabalhos dos alunos de Introdu\u00e7\u00e3o \u00e0s Artes Visuais e [&hellip;]\" \/>\n<meta property=\"og:url\" content=\"https:\/\/diogoalvim.com\/pt\/educational\/\" \/>\n<meta property=\"og:site_name\" content=\"Diogo Alvim\" \/>\n<meta property=\"article:modified_time\" content=\"2023-06-29T08:56:36+00:00\" \/>\n<meta property=\"og:image\" content=\"https:\/\/diogoalvim.com\/wp-content\/uploads\/2021\/06\/lmm_esml_2017-1024x573.jpg\" \/>\n<meta name=\"twitter:card\" content=\"summary_large_image\" \/>\n<meta name=\"twitter:label1\" content=\"Tempo estimado de leitura\" \/>\n\t<meta name=\"twitter:data1\" content=\"2 minutos\" \/>\n<script type=\"application\/ld+json\" class=\"yoast-schema-graph\">{\"@context\":\"https:\/\/schema.org\",\"@graph\":[{\"@type\":\"WebPage\",\"@id\":\"https:\/\/diogoalvim.com\/educational\/\",\"url\":\"https:\/\/diogoalvim.com\/educational\/\",\"name\":\"Educational | Diogo Alvim\",\"isPartOf\":{\"@id\":\"https:\/\/diogoalvim.com\/#website\"},\"datePublished\":\"2021-04-21T16:18:39+00:00\",\"dateModified\":\"2023-06-29T08:56:36+00:00\",\"breadcrumb\":{\"@id\":\"https:\/\/diogoalvim.com\/educational\/#breadcrumb\"},\"inLanguage\":\"pt-PT\",\"potentialAction\":[{\"@type\":\"ReadAction\",\"target\":[\"https:\/\/diogoalvim.com\/educational\/\"]}]},{\"@type\":\"BreadcrumbList\",\"@id\":\"https:\/\/diogoalvim.com\/educational\/#breadcrumb\",\"itemListElement\":[{\"@type\":\"ListItem\",\"position\":1,\"name\":\"Home\",\"item\":\"https:\/\/diogoalvim.com\/\"},{\"@type\":\"ListItem\",\"position\":2,\"name\":\"Educational\"}]},{\"@type\":\"WebSite\",\"@id\":\"https:\/\/diogoalvim.com\/#website\",\"url\":\"https:\/\/diogoalvim.com\/\",\"name\":\"Diogo Alvim\",\"description\":\"Composer of instrumental and electroacoustic music. \",\"potentialAction\":[{\"@type\":\"SearchAction\",\"target\":{\"@type\":\"EntryPoint\",\"urlTemplate\":\"https:\/\/diogoalvim.com\/?s={search_term_string}\"},\"query-input\":\"required name=search_term_string\"}],\"inLanguage\":\"pt-PT\"}]}<\/script>\n<!-- \/ Yoast SEO plugin. -->","yoast_head_json":{"title":"Educational | Diogo Alvim","robots":{"index":"index","follow":"follow","max-snippet":"max-snippet:-1","max-image-preview":"max-image-preview:large","max-video-preview":"max-video-preview:-1"},"canonical":"https:\/\/diogoalvim.com\/pt\/educational\/","og_locale":"pt_PT","og_type":"article","og_title":"Educational | Diogo Alvim","og_description":"Ensaios Sonoros para Podcast &#8211; trabalhos dos alunos de Artes Sonoras ESAD.CR IPL 2022\/23 &nbsp; &#8220;Trabalho de Mesa&#8221; na Escola dos Labirintos, no FOLIO, \u00d3bidos, 15-16 OUT 2021 &nbsp; &#8220;Trabalho de Mesa&#8221; na Escola dos Labirintos, OSSO, 14-24 JUL 2021 &nbsp; Ensaios Sonoros para R\u00e1dio &#8211; trabalhos dos alunos de Introdu\u00e7\u00e3o \u00e0s Artes Visuais e [&hellip;]","og_url":"https:\/\/diogoalvim.com\/pt\/educational\/","og_site_name":"Diogo Alvim","article_modified_time":"2023-06-29T08:56:36+00:00","og_image":[{"url":"https:\/\/diogoalvim.com\/wp-content\/uploads\/2021\/06\/lmm_esml_2017-1024x573.jpg"}],"twitter_card":"summary_large_image","twitter_misc":{"Tempo estimado de leitura":"2 minutos"},"schema":{"@context":"https:\/\/schema.org","@graph":[{"@type":"WebPage","@id":"https:\/\/diogoalvim.com\/educational\/","url":"https:\/\/diogoalvim.com\/educational\/","name":"Educational | Diogo Alvim","isPartOf":{"@id":"https:\/\/diogoalvim.com\/#website"},"datePublished":"2021-04-21T16:18:39+00:00","dateModified":"2023-06-29T08:56:36+00:00","breadcrumb":{"@id":"https:\/\/diogoalvim.com\/educational\/#breadcrumb"},"inLanguage":"pt-PT","potentialAction":[{"@type":"ReadAction","target":["https:\/\/diogoalvim.com\/educational\/"]}]},{"@type":"BreadcrumbList","@id":"https:\/\/diogoalvim.com\/educational\/#breadcrumb","itemListElement":[{"@type":"ListItem","position":1,"name":"Home","item":"https:\/\/diogoalvim.com\/"},{"@type":"ListItem","position":2,"name":"Educational"}]},{"@type":"WebSite","@id":"https:\/\/diogoalvim.com\/#website","url":"https:\/\/diogoalvim.com\/","name":"Diogo Alvim","description":"Composer of instrumental and electroacoustic music. ","potentialAction":[{"@type":"SearchAction","target":{"@type":"EntryPoint","urlTemplate":"https:\/\/diogoalvim.com\/?s={search_term_string}"},"query-input":"required name=search_term_string"}],"inLanguage":"pt-PT"}]}},"_links":{"self":[{"href":"https:\/\/diogoalvim.com\/pt\/wp-json\/wp\/v2\/pages\/1040"}],"collection":[{"href":"https:\/\/diogoalvim.com\/pt\/wp-json\/wp\/v2\/pages"}],"about":[{"href":"https:\/\/diogoalvim.com\/pt\/wp-json\/wp\/v2\/types\/page"}],"author":[{"embeddable":true,"href":"https:\/\/diogoalvim.com\/pt\/wp-json\/wp\/v2\/users\/1"}],"replies":[{"embeddable":true,"href":"https:\/\/diogoalvim.com\/pt\/wp-json\/wp\/v2\/comments?post=1040"}],"version-history":[{"count":17,"href":"https:\/\/diogoalvim.com\/pt\/wp-json\/wp\/v2\/pages\/1040\/revisions"}],"predecessor-version":[{"id":1432,"href":"https:\/\/diogoalvim.com\/pt\/wp-json\/wp\/v2\/pages\/1040\/revisions\/1432"}],"wp:attachment":[{"href":"https:\/\/diogoalvim.com\/pt\/wp-json\/wp\/v2\/media?parent=1040"}],"curies":[{"name":"wp","href":"https:\/\/api.w.org\/{rel}","templated":true}]}}