{"id":1042,"date":"2021-04-21T17:18:59","date_gmt":"2021-04-21T16:18:59","guid":{"rendered":"https:\/\/diogoalvim.com\/?page_id=1042"},"modified":"2026-03-04T20:09:40","modified_gmt":"2026-03-04T20:09:40","slug":"publications","status":"publish","type":"page","link":"https:\/\/diogoalvim.com\/pt\/publications\/","title":{"rendered":"Publica\u00e7\u00f5es"},"content":{"rendered":"<p>Alvim, D. (2025)<strong> Noise as Unfamiliar Sound<\/strong>. In <span class=\"person_name\">Ana Pais<\/span> e <span class=\"person_name\">Martin Welton<\/span>, eds. <em><a href=\"https:\/\/research.gold.ac.uk\/id\/eprint\/38834\/1\/KEYWORDS_Affective_Noise.pdf\" target=\"_blank\" rel=\"noopener\">Keywords: Affective Noise<\/a>.<\/em> Lisbon: NOVA University of Lisbon (ICNOVA-FCSH) and Queen Mary University of London.<\/p>\n<p><strong>\u2014\u2014\u2014<\/strong><\/p>\n<p>Alvim, D. (2024). <a href=\"https:\/\/doi.org\/10.1007\/978-3-031-67503-4_14\" target=\"_blank\" rel=\"noopener\">Score with a View\u2014Sounding Images, Imagining Sound<\/a>. In: Correia Castilho, L., Sampaio Dias, R., Rocha, L., de Sousa Dias, A. (eds) <em>Perspectives on Music, Sound and Musicology II<\/em>. Springer, Cham.<\/p>\n<p><strong>\u2014\u2014\u2014<\/strong><\/p>\n<p>Diogo Alvim e Matilde Meireles \u00a0(eds.), (2023).<a href=\"https:\/\/gestaodasartes.ipleiria.pt\/expansive-territories\/\" target=\"_blank\" rel=\"noopener\"><em> Expansive Territories \/ Territ\u00f3rios Expansivos<\/em><\/a>. ed. bilingue pt\/eng, online. Caldas da Rainha, Portugal: OSSO and UNESCO Chair in Arts and Cultural Management, Cities and Creativity IPLeiria (co-publishing).<\/p>\n<p><strong>\u2014\u2014\u2014<\/strong><\/p>\n<p><a href=\"https:\/\/arquivomunicipal.lisboa.pt\/atividades-e-difusao\/projetos\/topografias-imaginarias\/o-som-da-cidade-no-cinema-2022\/o-fantasma\" target=\"_blank\" rel=\"noopener\">Coment\u00e1rio<\/a> sobre o filme\u00a0<em>O Fantasma<\/em> (Jo\u00e3o Pedro Rodrigues)<br \/>\npara\u00a0<em>Topografias Imagin\u00e1rias &#8211; O Som da Cidade no Cinema II<br \/>\n<\/em>Arquivo Municipal de Lisboa<br \/>\nNovembro 2022<\/p>\n<p><strong>\u2014\u2014\u2014<\/strong><\/p>\n<p>Entrevista para <a href=\"https:\/\/www.publico.pt\/2022\/05\/23\/p3\/noticia\/pe-arquitectura-nao-fim-viagem-2007032\" target=\"_blank\" rel=\"noopener\">&#8220;Fora de P\u00e9&#8221;<\/a><br \/>\nUm podcast por Carla Lopes para <a href=\"https:\/\/antecamara-galeria.pt\/radio\/\" target=\"_blank\" rel=\"noopener\">Radio Antec\u00e2mara<\/a><br \/>\n11 Maio 2022<\/p>\n<p><strong>\u2014\u2014\u2014<\/strong><\/p>\n<p>Entrevista para M\u00fasica de Inven\u00e7\u00e3o e Pesquisa, Centro de Investiga\u00e7\u00e3o e Informa\u00e7\u00e3o da M\u00fasica Portuguesa<br \/>\n<a href=\"https:\/\/www.rtp.pt\/play\/p8534\/e616700\/musica-de-invencao-e-pesquisa\" target=\"_blank\" rel=\"noopener\">Audio<\/a>\u00a0\/\u00a0<a href=\"https:\/\/www.youtube.com\/watch?v=Tm2b8NA1x9Y\" target=\"_blank\" rel=\"noopener\">Video<\/a><br \/>\nUm programa da Miso Music para a Antena 2<br \/>\nAbril 2022<\/p>\n<p><strong>\u2014\u2014\u2014<\/strong><\/p>\n<p>Diogo Alvim, &#8220;<span lang=\"EN-US\">String Quartet &#8211; Reconfiguring an Old Typology&#8221;, in <a href=\"https:\/\/doi.org\/10.34619\/jaso-wz96\" target=\"_blank\" rel=\"noopener\"><em>Old is New &#8211; The Presence of the Past in the Music of the Present<\/em><\/a> (CESEM International Conference Proceedings), Isabel Pires (coord.), Filipa Magalh\u00e3es and Riccardo Wanke (Eds.), \u00a0(2022)<\/span><\/p>\n<p><strong>\u2014\u2014\u2014<\/strong><\/p>\n<p>Diogo Alvim, &#8220;<a href=\"https:\/\/docsend.com\/view\/9f9mx9h2ahdmbk8x.1007%2F978-3-030-78451-5_8\" target=\"_blank\" rel=\"noopener\">Composition as Artistic Device<\/a>&#8220;, In:\u00a0Correia Castilho L., Dias R., Pinho, F. (eds) <em>Perspectives on Music, Sound and Musicology<\/em><span class=\"\">, Springer\u00a0Series\u00a0in\u00a0Systematic Musicology (2021)<\/span><\/p>\n<p><strong>\u2014\u2014\u2014<\/strong><\/p>\n<p><strong>Folies Charbon<\/strong><br \/>\nPublicado em \"<a href=\"http:\/\/scoring.city\/library\/scores\/diogo-alvim\/\" target=\"_blank\" rel=\"noopener\">Scoring the city<\/a>\u201c (2020), um projecto de Gascia Ouzounian (University of Oxford \/ Recomposing the City) e John Bingham-Hall (Theatrum Mundi)<\/p>\n<p><strong>\u2014\u2014\u2014<\/strong><\/p>\n<p><a href=\"https:\/\/www.rtp.pt\/play\/p1390\/e426232\/musica-hoje\" target=\"_blank\" rel=\"noopener noreferrer\"><strong>Musica Hoje<\/strong><\/a><br \/>\nEntrevista pela Miso Music e Mic.pt para a Antena 2<br \/>\n6 Set 2019<\/p>\n<p><strong>\u2014\u2014\u2014<\/strong><\/p>\n<p>Diogo Alvim, \u201c<a href=\"https:\/\/www.cambridge.org\/core\/journals\/organised-sound\/article\/abs\/as-the-world-leaks-into-the-work-composition-and-architecture\/33614C82DC15BD94902EB6A4073903D9#\" target=\"_blank\" rel=\"noopener\">As the World Leaks into the Work: Composition and architecture.<\/a>\u201d, <i>Organised Sound, 23(1), 51-60.<\/i> (2018),<span class=\"Apple-converted-space\">\u00a0<\/span><i> doi:<\/i><i>10.1017<\/i><i>\/S1355771817000279<\/i><\/p>\n<p><strong>\u2014\u2014\u2014<\/strong><\/p>\n<p>Diogo Alvim, <i>Pe\u00e7a com Vista<\/i>,\u00a0<a href=\"http:\/\/mpmp.pt\/wp-content\/uploads\/2020\/06\/Glosas-18.pdf\" target=\"_blank\" rel=\"noopener\">Revista Glosas n.18<\/a>, Maio 2018<\/p>\n<p><strong>\u2014\u2014\u2014<\/strong><\/p>\n<p>Matilde Meireles e Diogo Alvim, \u201c<a href=\"https:\/\/www.jar-online.net\/en\/exposition\/abstract\/trigger-place-game-sound-and-architecture\" target=\"_blank\" rel=\"noopener\">Trigger Place \u2014 A Game of Sound and Architecture<\/a>\u201d, <i>Journal for Artistic Research<\/i>, 14 (2017), <i>www.jar<\/i><i>-online.net<\/i><\/p>\n<p><strong>\u2014\u2014\u2014<\/strong><\/p>\n<p>Diogo Alvim, <a href=\"http:\/\/www.ncad.ie\/news\/view\/mind-the-gap-a-national-workshop-on-practice-based-phd-research-in-creative#\" target=\"_blank\" rel=\"noopener\">Music Through Architecture &#8211; Towards an Expanded Practice<\/a>. In Bell, D., et. al. eds. <i>Mind the Gap! Working papers on practice based doctoral research in the creative arts and media<\/i>, (2016) National College of Art and Design, Dublin, 2016.<\/p>\n<p><strong>\u2014\u2014\u2014<\/strong><\/p>\n<p>Diogo Alvim, <a href=\"http:\/\/espaciossonoros2014.blogspot.pt\/2014\/11\/ii-congreso-internacional-espacios.html\" target=\"_blank\" rel=\"noopener\">Composition Beyond the Score<\/a>. In Arribas, J., et. al. eds. <i>Espacios Sonoros y Audiovisuales 2014: Experimentaci\u00f3n Sensorial y Escucha Activa<\/i>, (2016)\u00a0Universidad Aut\u00f3noma de Madrid, 2016.<\/p>\n<p>&nbsp;<\/p>","protected":false},"excerpt":{"rendered":"<p>Alvim, D. (2025) Noise as Unfamiliar Sound. In Ana Pais and Martin Welton, eds. Keywords: Affective Noise. Lisbon: NOVA University of Lisbon (ICNOVA-FCSH) and Queen Mary University of London. \u2014\u2014\u2014 Alvim, D. (2024). Score with a View\u2014Sounding Images, Imagining Sound. In: Correia Castilho, L., Sampaio Dias, R., Rocha, L., de Sousa Dias, A. (eds) Perspectives [&hellip;]<\/p>","protected":false},"author":1,"featured_media":0,"parent":0,"menu_order":0,"comment_status":"closed","ping_status":"closed","template":"","meta":{"om_disable_all_campaigns":false,"_mi_skip_tracking":false,"_monsterinsights_sitenote_active":false,"_monsterinsights_sitenote_note":"","_monsterinsights_sitenote_category":0},"acf":[],"aioseo_notices":[],"yoast_head":"<!-- This site is optimized with the Yoast SEO plugin v20.12 - https:\/\/yoast.com\/wordpress\/plugins\/seo\/ -->\n<title>Publications | Diogo Alvim<\/title>\n<meta name=\"robots\" content=\"index, follow, max-snippet:-1, max-image-preview:large, max-video-preview:-1\" \/>\n<link rel=\"canonical\" href=\"https:\/\/diogoalvim.com\/pt\/publications\/\" \/>\n<meta property=\"og:locale\" content=\"pt_PT\" \/>\n<meta property=\"og:type\" content=\"article\" \/>\n<meta property=\"og:title\" content=\"Publications | Diogo Alvim\" \/>\n<meta property=\"og:description\" content=\"Alvim, D. (2025) Noise as Unfamiliar Sound. In Ana Pais and Martin Welton, eds. Keywords: Affective Noise. Lisbon: NOVA University of Lisbon (ICNOVA-FCSH) and Queen Mary University of London. \u2014\u2014\u2014 Alvim, D. (2024). Score with a View\u2014Sounding Images, Imagining Sound. In: Correia Castilho, L., Sampaio Dias, R., Rocha, L., de Sousa Dias, A. (eds) Perspectives [&hellip;]\" \/>\n<meta property=\"og:url\" content=\"https:\/\/diogoalvim.com\/pt\/publications\/\" \/>\n<meta property=\"og:site_name\" content=\"Diogo Alvim\" \/>\n<meta property=\"article:modified_time\" content=\"2026-03-04T20:09:40+00:00\" \/>\n<meta name=\"twitter:card\" content=\"summary_large_image\" \/>\n<meta name=\"twitter:label1\" content=\"Tempo estimado de leitura\" \/>\n\t<meta name=\"twitter:data1\" content=\"2 minutos\" \/>\n<script type=\"application\/ld+json\" class=\"yoast-schema-graph\">{\"@context\":\"https:\/\/schema.org\",\"@graph\":[{\"@type\":\"WebPage\",\"@id\":\"https:\/\/diogoalvim.com\/publications\/\",\"url\":\"https:\/\/diogoalvim.com\/publications\/\",\"name\":\"Publications | Diogo Alvim\",\"isPartOf\":{\"@id\":\"https:\/\/diogoalvim.com\/#website\"},\"datePublished\":\"2021-04-21T16:18:59+00:00\",\"dateModified\":\"2026-03-04T20:09:40+00:00\",\"breadcrumb\":{\"@id\":\"https:\/\/diogoalvim.com\/publications\/#breadcrumb\"},\"inLanguage\":\"pt-PT\",\"potentialAction\":[{\"@type\":\"ReadAction\",\"target\":[\"https:\/\/diogoalvim.com\/publications\/\"]}]},{\"@type\":\"BreadcrumbList\",\"@id\":\"https:\/\/diogoalvim.com\/publications\/#breadcrumb\",\"itemListElement\":[{\"@type\":\"ListItem\",\"position\":1,\"name\":\"Home\",\"item\":\"https:\/\/diogoalvim.com\/\"},{\"@type\":\"ListItem\",\"position\":2,\"name\":\"Publications\"}]},{\"@type\":\"WebSite\",\"@id\":\"https:\/\/diogoalvim.com\/#website\",\"url\":\"https:\/\/diogoalvim.com\/\",\"name\":\"Diogo Alvim\",\"description\":\"Composer of instrumental and electroacoustic music. \",\"potentialAction\":[{\"@type\":\"SearchAction\",\"target\":{\"@type\":\"EntryPoint\",\"urlTemplate\":\"https:\/\/diogoalvim.com\/?s={search_term_string}\"},\"query-input\":\"required name=search_term_string\"}],\"inLanguage\":\"pt-PT\"}]}<\/script>\n<!-- \/ Yoast SEO plugin. -->","yoast_head_json":{"title":"Publications | Diogo Alvim","robots":{"index":"index","follow":"follow","max-snippet":"max-snippet:-1","max-image-preview":"max-image-preview:large","max-video-preview":"max-video-preview:-1"},"canonical":"https:\/\/diogoalvim.com\/pt\/publications\/","og_locale":"pt_PT","og_type":"article","og_title":"Publications | Diogo Alvim","og_description":"Alvim, D. (2025) Noise as Unfamiliar Sound. In Ana Pais and Martin Welton, eds. Keywords: Affective Noise. Lisbon: NOVA University of Lisbon (ICNOVA-FCSH) and Queen Mary University of London. \u2014\u2014\u2014 Alvim, D. (2024). Score with a View\u2014Sounding Images, Imagining Sound. In: Correia Castilho, L., Sampaio Dias, R., Rocha, L., de Sousa Dias, A. (eds) Perspectives [&hellip;]","og_url":"https:\/\/diogoalvim.com\/pt\/publications\/","og_site_name":"Diogo Alvim","article_modified_time":"2026-03-04T20:09:40+00:00","twitter_card":"summary_large_image","twitter_misc":{"Tempo estimado de leitura":"2 minutos"},"schema":{"@context":"https:\/\/schema.org","@graph":[{"@type":"WebPage","@id":"https:\/\/diogoalvim.com\/publications\/","url":"https:\/\/diogoalvim.com\/publications\/","name":"Publications | Diogo Alvim","isPartOf":{"@id":"https:\/\/diogoalvim.com\/#website"},"datePublished":"2021-04-21T16:18:59+00:00","dateModified":"2026-03-04T20:09:40+00:00","breadcrumb":{"@id":"https:\/\/diogoalvim.com\/publications\/#breadcrumb"},"inLanguage":"pt-PT","potentialAction":[{"@type":"ReadAction","target":["https:\/\/diogoalvim.com\/publications\/"]}]},{"@type":"BreadcrumbList","@id":"https:\/\/diogoalvim.com\/publications\/#breadcrumb","itemListElement":[{"@type":"ListItem","position":1,"name":"Home","item":"https:\/\/diogoalvim.com\/"},{"@type":"ListItem","position":2,"name":"Publications"}]},{"@type":"WebSite","@id":"https:\/\/diogoalvim.com\/#website","url":"https:\/\/diogoalvim.com\/","name":"Diogo Alvim","description":"Composer of instrumental and electroacoustic music. ","potentialAction":[{"@type":"SearchAction","target":{"@type":"EntryPoint","urlTemplate":"https:\/\/diogoalvim.com\/?s={search_term_string}"},"query-input":"required name=search_term_string"}],"inLanguage":"pt-PT"}]}},"_links":{"self":[{"href":"https:\/\/diogoalvim.com\/pt\/wp-json\/wp\/v2\/pages\/1042"}],"collection":[{"href":"https:\/\/diogoalvim.com\/pt\/wp-json\/wp\/v2\/pages"}],"about":[{"href":"https:\/\/diogoalvim.com\/pt\/wp-json\/wp\/v2\/types\/page"}],"author":[{"embeddable":true,"href":"https:\/\/diogoalvim.com\/pt\/wp-json\/wp\/v2\/users\/1"}],"replies":[{"embeddable":true,"href":"https:\/\/diogoalvim.com\/pt\/wp-json\/wp\/v2\/comments?post=1042"}],"version-history":[{"count":33,"href":"https:\/\/diogoalvim.com\/pt\/wp-json\/wp\/v2\/pages\/1042\/revisions"}],"predecessor-version":[{"id":1858,"href":"https:\/\/diogoalvim.com\/pt\/wp-json\/wp\/v2\/pages\/1042\/revisions\/1858"}],"wp:attachment":[{"href":"https:\/\/diogoalvim.com\/pt\/wp-json\/wp\/v2\/media?parent=1042"}],"curies":[{"name":"wp","href":"https:\/\/api.w.org\/{rel}","templated":true}]}}