{"id":1138,"date":"2021-10-26T10:10:19","date_gmt":"2021-10-26T09:10:19","guid":{"rendered":"https:\/\/diogoalvim.com\/?page_id=1138"},"modified":"2023-02-06T12:24:46","modified_gmt":"2023-02-06T12:24:46","slug":"the-sparrow","status":"publish","type":"page","link":"https:\/\/diogoalvim.com\/pt\/the-sparrow\/","title":{"rendered":"The Sparrow"},"content":{"rendered":"<p class=\"font_8\" style=\"text-align: center;\"><strong><span class=\"color_15\">The Sparrow<\/span><\/strong><\/p>\n<p class=\"font_8\"><span class=\"color_15\"><span class=\"wixGuard\">\u200b<\/span><\/span><\/p>\n<p class=\"font_8\"><span class=\"color_15\">A project by <strong>Diogo Alvim and T\u00e2nia Carvalho<\/strong><\/span><\/p>\n<p class=\"font_8\"><span class=\"color_15\">The Sparrow proposes a new reading of a selection of pieces by the English composer Henry Purcell (1659-1695), transformed by a group of musicians with different backgrounds and approaches.\u00a0<\/span><\/p>\n<p class=\"font_8\"><span class=\"color_15\"><strong>T\u00e2nia Carvalho<\/strong>\u00a0Voice, Erhu<\/span><br \/>\n<strong>Diogo Alvim<\/strong>\u00a0Electronics, Arrangements<br \/>\n<strong>Joana Bagulho<\/strong>\u00a0Harpsichord<br \/>\n<strong>Matthieu Ehrlacher<\/strong>\u00a0Saxophones<\/p>\n<p class=\"font_8\"><span class=\"color_15\">All compositions by Henry Purcell, recomposed by Diogo Alvim<\/span><\/p>\n<p class=\"font_8\"><span class=\"color_15\"><strong>Dire\u00e7\u00e3o Art\u00edstica<\/strong>\u00a0T\u00e2nia Carvalho and Diogo Alvim<br \/>\n<strong>Recorded and mastered by<\/strong>\u00a0Suse Ribeiro<br \/>\n<strong>Design and Artwork<\/strong> Francisco Elias<br \/>\n<strong>Produ\u00e7\u00e3o Executiva<\/strong>\u00a0Jo\u00e3o Guimar\u00e3es<br \/>\n<strong>Comunica\u00e7\u00e3o<\/strong>\u00a0Sara Ramos<br \/>\n<strong>Produ\u00e7\u00e3o<\/strong>\u00a0Ag\u00eancia 25<br \/>\n<strong>Institucional Partner<\/strong> Rep\u00fablica Portuguesa &#8211; Minist\u00e9rio da Cultura<\/span><\/p>\n<p style=\"text-align: center;\"><img decoding=\"async\" loading=\"lazy\" class=\"aligncenter wp-image-1143 size-full\" src=\"https:\/\/diogoalvim.com\/wp-content\/uploads\/2021\/10\/The-Sparrow_Album-Art-Cover-1000-px.jpg\" alt=\"\" width=\"1000\" height=\"1000\" srcset=\"https:\/\/diogoalvim.com\/wp-content\/uploads\/2021\/10\/The-Sparrow_Album-Art-Cover-1000-px.jpg 1000w, https:\/\/diogoalvim.com\/wp-content\/uploads\/2021\/10\/The-Sparrow_Album-Art-Cover-1000-px-300x300.jpg 300w, https:\/\/diogoalvim.com\/wp-content\/uploads\/2021\/10\/The-Sparrow_Album-Art-Cover-1000-px-150x150.jpg 150w, https:\/\/diogoalvim.com\/wp-content\/uploads\/2021\/10\/The-Sparrow_Album-Art-Cover-1000-px-768x768.jpg 768w\" sizes=\"(max-width: 1000px) 100vw, 1000px\" \/><\/p>\n<p style=\"text-align: center;\">This preview has ended.<\/p>\n<p style=\"text-align: center;\">Mais info em breve.<\/p>","protected":false},"excerpt":{"rendered":"<p>The Sparrow \u200b A project by Diogo Alvim and T\u00e2nia Carvalho The Sparrow proposes a new reading of a selection of pieces by the English composer Henry Purcell (1659-1695), transformed by a group of musicians with different backgrounds and approaches.\u00a0 T\u00e2nia Carvalho\u00a0Voice, Erhu Diogo Alvim\u00a0Electronics, Arrangements Joana Bagulho\u00a0Harpsichord Matthieu Ehrlacher\u00a0Saxophones All compositions by Henry Purcell, [&hellip;]<\/p>","protected":false},"author":2,"featured_media":0,"parent":0,"menu_order":0,"comment_status":"closed","ping_status":"closed","template":"","meta":{"om_disable_all_campaigns":false,"_mi_skip_tracking":false,"_monsterinsights_sitenote_active":false,"_monsterinsights_sitenote_note":"","_monsterinsights_sitenote_category":0},"acf":[],"aioseo_notices":[],"yoast_head":"<!-- This site is optimized with the Yoast SEO plugin v20.12 - https:\/\/yoast.com\/wordpress\/plugins\/seo\/ -->\n<title>The Sparrow | Diogo Alvim<\/title>\n<meta name=\"robots\" content=\"index, follow, max-snippet:-1, max-image-preview:large, max-video-preview:-1\" \/>\n<link rel=\"canonical\" href=\"https:\/\/diogoalvim.com\/pt\/the-sparrow\/\" \/>\n<meta property=\"og:locale\" content=\"pt_PT\" \/>\n<meta property=\"og:type\" content=\"article\" \/>\n<meta property=\"og:title\" content=\"The Sparrow | Diogo Alvim\" \/>\n<meta property=\"og:description\" content=\"The Sparrow \u200b A project by Diogo Alvim and T\u00e2nia Carvalho The Sparrow proposes a new reading of a selection of pieces by the English composer Henry Purcell (1659-1695), transformed by a group of musicians with different backgrounds and approaches.\u00a0 T\u00e2nia Carvalho\u00a0Voice, Erhu Diogo Alvim\u00a0Electronics, Arrangements Joana Bagulho\u00a0Harpsichord Matthieu Ehrlacher\u00a0Saxophones All compositions by Henry Purcell, [&hellip;]\" \/>\n<meta property=\"og:url\" content=\"https:\/\/diogoalvim.com\/pt\/the-sparrow\/\" \/>\n<meta property=\"og:site_name\" content=\"Diogo Alvim\" \/>\n<meta property=\"article:modified_time\" content=\"2023-02-06T12:24:46+00:00\" \/>\n<meta property=\"og:image\" content=\"https:\/\/diogoalvim.com\/wp-content\/uploads\/2021\/10\/The-Sparrow_Album-Art-Cover-1000-px.jpg\" \/>\n<meta name=\"twitter:card\" content=\"summary_large_image\" \/>\n<meta name=\"twitter:label1\" content=\"Tempo estimado de leitura\" \/>\n\t<meta name=\"twitter:data1\" content=\"1 minuto\" \/>\n<script type=\"application\/ld+json\" class=\"yoast-schema-graph\">{\"@context\":\"https:\/\/schema.org\",\"@graph\":[{\"@type\":\"WebPage\",\"@id\":\"https:\/\/diogoalvim.com\/the-sparrow\/\",\"url\":\"https:\/\/diogoalvim.com\/the-sparrow\/\",\"name\":\"The Sparrow | Diogo Alvim\",\"isPartOf\":{\"@id\":\"https:\/\/diogoalvim.com\/#website\"},\"datePublished\":\"2021-10-26T09:10:19+00:00\",\"dateModified\":\"2023-02-06T12:24:46+00:00\",\"breadcrumb\":{\"@id\":\"https:\/\/diogoalvim.com\/the-sparrow\/#breadcrumb\"},\"inLanguage\":\"pt-PT\",\"potentialAction\":[{\"@type\":\"ReadAction\",\"target\":[\"https:\/\/diogoalvim.com\/the-sparrow\/\"]}]},{\"@type\":\"BreadcrumbList\",\"@id\":\"https:\/\/diogoalvim.com\/the-sparrow\/#breadcrumb\",\"itemListElement\":[{\"@type\":\"ListItem\",\"position\":1,\"name\":\"Home\",\"item\":\"https:\/\/diogoalvim.com\/\"},{\"@type\":\"ListItem\",\"position\":2,\"name\":\"The Sparrow\"}]},{\"@type\":\"WebSite\",\"@id\":\"https:\/\/diogoalvim.com\/#website\",\"url\":\"https:\/\/diogoalvim.com\/\",\"name\":\"Diogo Alvim\",\"description\":\"Composer of instrumental and electroacoustic music. \",\"potentialAction\":[{\"@type\":\"SearchAction\",\"target\":{\"@type\":\"EntryPoint\",\"urlTemplate\":\"https:\/\/diogoalvim.com\/?s={search_term_string}\"},\"query-input\":\"required name=search_term_string\"}],\"inLanguage\":\"pt-PT\"}]}<\/script>\n<!-- \/ Yoast SEO plugin. -->","yoast_head_json":{"title":"The Sparrow | Diogo Alvim","robots":{"index":"index","follow":"follow","max-snippet":"max-snippet:-1","max-image-preview":"max-image-preview:large","max-video-preview":"max-video-preview:-1"},"canonical":"https:\/\/diogoalvim.com\/pt\/the-sparrow\/","og_locale":"pt_PT","og_type":"article","og_title":"The Sparrow | Diogo Alvim","og_description":"The Sparrow \u200b A project by Diogo Alvim and T\u00e2nia Carvalho The Sparrow proposes a new reading of a selection of pieces by the English composer Henry Purcell (1659-1695), transformed by a group of musicians with different backgrounds and approaches.\u00a0 T\u00e2nia Carvalho\u00a0Voice, Erhu Diogo Alvim\u00a0Electronics, Arrangements Joana Bagulho\u00a0Harpsichord Matthieu Ehrlacher\u00a0Saxophones All compositions by Henry Purcell, [&hellip;]","og_url":"https:\/\/diogoalvim.com\/pt\/the-sparrow\/","og_site_name":"Diogo Alvim","article_modified_time":"2023-02-06T12:24:46+00:00","og_image":[{"url":"https:\/\/diogoalvim.com\/wp-content\/uploads\/2021\/10\/The-Sparrow_Album-Art-Cover-1000-px.jpg"}],"twitter_card":"summary_large_image","twitter_misc":{"Tempo estimado de leitura":"1 minuto"},"schema":{"@context":"https:\/\/schema.org","@graph":[{"@type":"WebPage","@id":"https:\/\/diogoalvim.com\/the-sparrow\/","url":"https:\/\/diogoalvim.com\/the-sparrow\/","name":"The Sparrow | Diogo Alvim","isPartOf":{"@id":"https:\/\/diogoalvim.com\/#website"},"datePublished":"2021-10-26T09:10:19+00:00","dateModified":"2023-02-06T12:24:46+00:00","breadcrumb":{"@id":"https:\/\/diogoalvim.com\/the-sparrow\/#breadcrumb"},"inLanguage":"pt-PT","potentialAction":[{"@type":"ReadAction","target":["https:\/\/diogoalvim.com\/the-sparrow\/"]}]},{"@type":"BreadcrumbList","@id":"https:\/\/diogoalvim.com\/the-sparrow\/#breadcrumb","itemListElement":[{"@type":"ListItem","position":1,"name":"Home","item":"https:\/\/diogoalvim.com\/"},{"@type":"ListItem","position":2,"name":"The Sparrow"}]},{"@type":"WebSite","@id":"https:\/\/diogoalvim.com\/#website","url":"https:\/\/diogoalvim.com\/","name":"Diogo Alvim","description":"Composer of instrumental and electroacoustic music. ","potentialAction":[{"@type":"SearchAction","target":{"@type":"EntryPoint","urlTemplate":"https:\/\/diogoalvim.com\/?s={search_term_string}"},"query-input":"required name=search_term_string"}],"inLanguage":"pt-PT"}]}},"_links":{"self":[{"href":"https:\/\/diogoalvim.com\/pt\/wp-json\/wp\/v2\/pages\/1138"}],"collection":[{"href":"https:\/\/diogoalvim.com\/pt\/wp-json\/wp\/v2\/pages"}],"about":[{"href":"https:\/\/diogoalvim.com\/pt\/wp-json\/wp\/v2\/types\/page"}],"author":[{"embeddable":true,"href":"https:\/\/diogoalvim.com\/pt\/wp-json\/wp\/v2\/users\/2"}],"replies":[{"embeddable":true,"href":"https:\/\/diogoalvim.com\/pt\/wp-json\/wp\/v2\/comments?post=1138"}],"version-history":[{"count":18,"href":"https:\/\/diogoalvim.com\/pt\/wp-json\/wp\/v2\/pages\/1138\/revisions"}],"predecessor-version":[{"id":1162,"href":"https:\/\/diogoalvim.com\/pt\/wp-json\/wp\/v2\/pages\/1138\/revisions\/1162"}],"wp:attachment":[{"href":"https:\/\/diogoalvim.com\/pt\/wp-json\/wp\/v2\/media?parent=1138"}],"curies":[{"name":"wp","href":"https:\/\/api.w.org\/{rel}","templated":true}]}}