{"id":31,"date":"2017-02-01T11:36:55","date_gmt":"2017-02-01T11:36:55","guid":{"rendered":"http:\/\/saraorsi.com\/demo\/diogoalvim\/?page_id=31"},"modified":"2025-08-29T15:57:03","modified_gmt":"2025-08-29T14:57:03","slug":"about","status":"publish","type":"page","link":"https:\/\/diogoalvim.com\/pt\/about\/","title":{"rendered":"Sobre"},"content":{"rendered":"<div>contact: <a href=\"mailto:info@diogoalvim.com\" target=\"_blank\" rel=\"noopener\">info@diogoalvim.com<\/a><\/div>\n<div>mailing list:<a href=\"http:\/\/eepurl.com\/h2S5PP\" target=\"_blank\" rel=\"noopener\"> not\u00edcias (mailing list)<\/a><\/div>\n<div><\/div>\n<div class=\"\">\n<p>&nbsp;<\/p>\n<p>Diogo Alvim trabalha na fronteira entre a m\u00fasica e a artes sonoras, explorando as suas intera\u00e7\u00f5es com a arquitectura, e contextos espec\u00edficos. Interessa-se por expandir a pr\u00e1tica da composi\u00e7\u00e3o sonora enquanto dispositivo de investiga\u00e7\u00e3o e transforma\u00e7\u00e3o.<\/p>\n<\/div>\n<p>&nbsp;<\/p>\n<div class=\"\"><span class=\"\">Formou-se em arquitectura e composi\u00e7\u00e3o em Lisboa, e em 2016 terminou um doutoramento em composi\u00e7\u00e3o e artes sonoras no Sonic Arts Research Center da Queen\u2019s University Belfast. A sua investiga\u00e7\u00e3o explorou diferentes rela\u00e7\u00f5es entre m\u00fasica e arquitetura.<\/span><\/div>\n<div class=\"\"><span class=\"\"><br \/>\nLeciona artes sonoras na Licenciatura e no Mestrado de Som e Imagem na\u00a0<a href=\"https:\/\/www.ipleiria.pt\/esadcr\/en\/course\/licenciatura-som-e-imagem\/\" target=\"_blank\" rel=\"noopener noreferrer\">ESAD<\/a>\u00a0(Caldas da Rainha) e \u00e9 investigador integrado do\u00a0<a href=\"http:\/\/cesem.fcsh.unl.pt\" target=\"_blank\" rel=\"noopener noreferrer\">CESEM<\/a>, FCSH &#8211; NOVA.<br \/>\nColabora regularmente com artistas pl\u00e1sticos, core\u00f3grafos e encenadores, em produ\u00e7\u00f5es t\u00e3o diversas como instala\u00e7\u00f5es, video, dan\u00e7a, percursos performativos, e outros cruzamentos.<br \/>\n<\/span><\/div>\n<div class=\"\"><span class=\"\"><span class=\"\"><br \/>\nSome examples of his work: <em>Solo,<\/em> a sound installation for <em>Galeria Diferen\u00e7a<\/em> in Lisbon;<em> Music for Sax and Boxes (2025 version), <\/em>a piece for tenor sax and installation at the ISCM <em>World New Music Days Festival<\/em>, (CCB Lisbon); <em>\u00a0Afluente,<\/em> a sound installation for the entrance to the Portuguese Pavilion at the Osaka Expo 2025; Sound for <em>O Futuro do Esquecimento,<\/em>, a video-photographic installation by T\u00e2nia Moreira David (Galeria Imago, 2024); <em>Campo Pr\u00f3ximo<\/em> com Matilde Meireles (<em>Sonorities Festival <\/em>Belfast 2024) <em>M\u00fasica para \u2018Mysterious Heart\u2019<\/em> de T\u00e2nia Carvalho (<em>Tanzmainz<\/em>, Mainz, Alemanha, 2024), <em>Can\u00e7\u00e3o Nova, <\/em>com Andr\u00e9 Guedes (<em>O Museu como Performance, 2023 <\/em>Museu de Serralves)<em>; Os Passos em Volta &#8211; Alc\u00e2ntara, <\/em>caminhada performativa com Joana Braga (Festival <em>Temps d\u2019Images 2023<\/em>); <em>Jogo Duplo<\/em> para o Sond\u2019Ar-te Trio (Festival<em> Musica Viva 2023<\/em>); <em>Posi\u00e7\u00e3o Relativa, <\/em>no concerto <em>Arquitectura dos Sons<\/em> \u2013  integrado nas comemora\u00e7oes do centen\u00e1rio de  Iannis Xenakis, Funda\u00e7\u00e3o Gulbenkian 2023); <em>Os Passos em Volta &#8211; Trafaria,<\/em> caminhada performativa com Joana Braga, 2022  (<em>Territ\u00f3rios N\u00f3madas<\/em>, NOVA-FCSH); <em>M\u00fasica para \u2018Uma Sequ\u00eancia Inevit\u00e1vel de Acontecimentos\u2019<\/em> de T\u00e2nia Carvalho, <em>Dan\u00e7as na Cidade<\/em> &#8211; RTP\/ CNB, 2022); <em>Campo Pr\u00f3ximo<\/em> com Matilde Meireles, Convento S\u00e3o Francisco, Coimbra e <em>Festival Lisboa Soa<\/em>, 2020);\u00a0 <em>M\u00fasica para 'S'<\/em>, de T\u00e2nia Carvalho (Companhia Nacional de Bailado com a Orquestra Sinf\u00f3nica Portuguesa, 2018); <em>Festival Musica Viva<\/em> <em>2018<\/em> ); <em>Chantiers d&#8217;Europe<\/em> \u2013 Th\u00e9\u00e2tre de la Ville (artista em residencia na Cit\u00e9 Internationale des Arts, Paris, 2018). <em>Material Music<\/em>, para uma pe\u00e7a de Ramiro Guerreiro (CNEAI, Pantin, France, 2017); <em>Da Tradu\u00e7\u00e3o<\/em>, em <em>Do Liminar#6<\/em> (Galeria Zaratan, Lisboa, 2016); <em>T\u0142umaczenie<\/em>\u00a0(<em>Sonorities Festival<\/em> com o Royal String Quartet, 2015); <em>Play<\/em> com Matilde Meireles (<em>Belfast Festival<\/em>, 2014); <em>Apartamento em Lisboa &#8211; Narrador Presente <\/em>(<em>Ibrasotope#60, <\/em>2014 e <em>Festival Musica Viva, <\/em>2018); <em>A Pir\u00e2mide e o Labirinto<\/em> (MAC-USP S\u00e3o Paulo, Brazil, 2014); <em>Notation in Contemporary Music<\/em> Conferencia na Goldsmiths University (London, 2013); <em>No Chords Attached<\/em> (<em>ICMC 2012<\/em> com Unlikely Places, Ljubljana); <em>M\u00fasica para Saxofone e Caixas<\/em> (<em>ISMIR 2012, <\/em>Porto); <em>Shift, <\/em>para o <em>Pr\u00e9mio Jovens M\u00fasicos<\/em> 2009 (encomenda da RDP - Antena 2); <em>Dist\u00e2ncia (Ocupa\u00e7\u00e3o_3)<\/em>, <em>Festival Synth\u00e8se<\/em> 2009 (Bourges); Workshop para Jovens Compositores da Orquestra Gulbenkian (2008 e 2009).<\/span><\/span><\/div>","protected":false},"excerpt":{"rendered":"<p>contact: info@diogoalvim.com mailing list: news (mailing list) &nbsp; Diogo Alvim works between music and sound arts, exploring their interactions with architecture, specific contexts, and other arts. He is interested in expanding the practice of sound composition as a research and transformation device. &nbsp; He studied architecture and composition in Lisbon. In 2016 he finished a [&hellip;]<\/p>","protected":false},"author":1,"featured_media":109,"parent":0,"menu_order":0,"comment_status":"closed","ping_status":"closed","template":"","meta":{"om_disable_all_campaigns":false,"_mi_skip_tracking":false,"_monsterinsights_sitenote_active":false,"_monsterinsights_sitenote_note":"","_monsterinsights_sitenote_category":0},"acf":[],"aioseo_notices":[],"yoast_head":"<!-- This site is optimized with the Yoast SEO plugin v20.12 - https:\/\/yoast.com\/wordpress\/plugins\/seo\/ -->\n<title>About | Diogo Alvim<\/title>\n<meta name=\"robots\" content=\"index, follow, max-snippet:-1, max-image-preview:large, max-video-preview:-1\" \/>\n<link rel=\"canonical\" href=\"https:\/\/diogoalvim.com\/pt\/about\/\" \/>\n<meta property=\"og:locale\" content=\"pt_PT\" \/>\n<meta property=\"og:type\" content=\"article\" \/>\n<meta property=\"og:title\" content=\"About | Diogo Alvim\" \/>\n<meta property=\"og:description\" content=\"contact: info@diogoalvim.com mailing list: news (mailing list) &nbsp; Diogo Alvim works between music and sound arts, exploring their interactions with architecture, specific contexts, and other arts. He is interested in expanding the practice of sound composition as a research and transformation device. &nbsp; He studied architecture and composition in Lisbon. In 2016 he finished a [&hellip;]\" \/>\n<meta property=\"og:url\" content=\"https:\/\/diogoalvim.com\/pt\/about\/\" \/>\n<meta property=\"og:site_name\" content=\"Diogo Alvim\" \/>\n<meta property=\"article:modified_time\" content=\"2025-08-29T14:57:03+00:00\" \/>\n<meta property=\"og:image\" content=\"https:\/\/diogoalvim.com\/wp-content\/uploads\/2017\/04\/IMG_2945-e1491130579403.jpg\" \/>\n\t<meta property=\"og:image:width\" content=\"1006\" \/>\n\t<meta property=\"og:image:height\" content=\"606\" \/>\n\t<meta property=\"og:image:type\" content=\"image\/jpeg\" \/>\n<meta name=\"twitter:card\" content=\"summary_large_image\" \/>\n<meta name=\"twitter:label1\" content=\"Tempo estimado de leitura\" \/>\n\t<meta name=\"twitter:data1\" content=\"2 minutos\" \/>\n<script type=\"application\/ld+json\" class=\"yoast-schema-graph\">{\"@context\":\"https:\/\/schema.org\",\"@graph\":[{\"@type\":\"WebPage\",\"@id\":\"https:\/\/diogoalvim.com\/about\/\",\"url\":\"https:\/\/diogoalvim.com\/about\/\",\"name\":\"About | Diogo Alvim\",\"isPartOf\":{\"@id\":\"https:\/\/diogoalvim.com\/#website\"},\"datePublished\":\"2017-02-01T11:36:55+00:00\",\"dateModified\":\"2025-08-29T14:57:03+00:00\",\"breadcrumb\":{\"@id\":\"https:\/\/diogoalvim.com\/about\/#breadcrumb\"},\"inLanguage\":\"pt-PT\",\"potentialAction\":[{\"@type\":\"ReadAction\",\"target\":[\"https:\/\/diogoalvim.com\/about\/\"]}]},{\"@type\":\"BreadcrumbList\",\"@id\":\"https:\/\/diogoalvim.com\/about\/#breadcrumb\",\"itemListElement\":[{\"@type\":\"ListItem\",\"position\":1,\"name\":\"Home\",\"item\":\"https:\/\/diogoalvim.com\/\"},{\"@type\":\"ListItem\",\"position\":2,\"name\":\"About\"}]},{\"@type\":\"WebSite\",\"@id\":\"https:\/\/diogoalvim.com\/#website\",\"url\":\"https:\/\/diogoalvim.com\/\",\"name\":\"Diogo Alvim\",\"description\":\"Composer of instrumental and electroacoustic music. \",\"potentialAction\":[{\"@type\":\"SearchAction\",\"target\":{\"@type\":\"EntryPoint\",\"urlTemplate\":\"https:\/\/diogoalvim.com\/?s={search_term_string}\"},\"query-input\":\"required name=search_term_string\"}],\"inLanguage\":\"pt-PT\"}]}<\/script>\n<!-- \/ Yoast SEO plugin. -->","yoast_head_json":{"title":"About | Diogo Alvim","robots":{"index":"index","follow":"follow","max-snippet":"max-snippet:-1","max-image-preview":"max-image-preview:large","max-video-preview":"max-video-preview:-1"},"canonical":"https:\/\/diogoalvim.com\/pt\/about\/","og_locale":"pt_PT","og_type":"article","og_title":"About | Diogo Alvim","og_description":"contact: info@diogoalvim.com mailing list: news (mailing list) &nbsp; Diogo Alvim works between music and sound arts, exploring their interactions with architecture, specific contexts, and other arts. He is interested in expanding the practice of sound composition as a research and transformation device. &nbsp; He studied architecture and composition in Lisbon. In 2016 he finished a [&hellip;]","og_url":"https:\/\/diogoalvim.com\/pt\/about\/","og_site_name":"Diogo Alvim","article_modified_time":"2025-08-29T14:57:03+00:00","og_image":[{"width":1006,"height":606,"url":"https:\/\/diogoalvim.com\/wp-content\/uploads\/2017\/04\/IMG_2945-e1491130579403.jpg","type":"image\/jpeg"}],"twitter_card":"summary_large_image","twitter_misc":{"Tempo estimado de leitura":"2 minutos"},"schema":{"@context":"https:\/\/schema.org","@graph":[{"@type":"WebPage","@id":"https:\/\/diogoalvim.com\/about\/","url":"https:\/\/diogoalvim.com\/about\/","name":"About | Diogo Alvim","isPartOf":{"@id":"https:\/\/diogoalvim.com\/#website"},"datePublished":"2017-02-01T11:36:55+00:00","dateModified":"2025-08-29T14:57:03+00:00","breadcrumb":{"@id":"https:\/\/diogoalvim.com\/about\/#breadcrumb"},"inLanguage":"pt-PT","potentialAction":[{"@type":"ReadAction","target":["https:\/\/diogoalvim.com\/about\/"]}]},{"@type":"BreadcrumbList","@id":"https:\/\/diogoalvim.com\/about\/#breadcrumb","itemListElement":[{"@type":"ListItem","position":1,"name":"Home","item":"https:\/\/diogoalvim.com\/"},{"@type":"ListItem","position":2,"name":"About"}]},{"@type":"WebSite","@id":"https:\/\/diogoalvim.com\/#website","url":"https:\/\/diogoalvim.com\/","name":"Diogo Alvim","description":"Composer of instrumental and electroacoustic music. ","potentialAction":[{"@type":"SearchAction","target":{"@type":"EntryPoint","urlTemplate":"https:\/\/diogoalvim.com\/?s={search_term_string}"},"query-input":"required name=search_term_string"}],"inLanguage":"pt-PT"}]}},"_links":{"self":[{"href":"https:\/\/diogoalvim.com\/pt\/wp-json\/wp\/v2\/pages\/31"}],"collection":[{"href":"https:\/\/diogoalvim.com\/pt\/wp-json\/wp\/v2\/pages"}],"about":[{"href":"https:\/\/diogoalvim.com\/pt\/wp-json\/wp\/v2\/types\/page"}],"author":[{"embeddable":true,"href":"https:\/\/diogoalvim.com\/pt\/wp-json\/wp\/v2\/users\/1"}],"replies":[{"embeddable":true,"href":"https:\/\/diogoalvim.com\/pt\/wp-json\/wp\/v2\/comments?post=31"}],"version-history":[{"count":47,"href":"https:\/\/diogoalvim.com\/pt\/wp-json\/wp\/v2\/pages\/31\/revisions"}],"predecessor-version":[{"id":1768,"href":"https:\/\/diogoalvim.com\/pt\/wp-json\/wp\/v2\/pages\/31\/revisions\/1768"}],"wp:featuredmedia":[{"embeddable":true,"href":"https:\/\/diogoalvim.com\/pt\/wp-json\/wp\/v2\/media\/109"}],"wp:attachment":[{"href":"https:\/\/diogoalvim.com\/pt\/wp-json\/wp\/v2\/media?parent=31"}],"curies":[{"name":"wp","href":"https:\/\/api.w.org\/{rel}","templated":true}]}}